{"id":169,"date":"2021-06-12T10:41:58","date_gmt":"2021-06-12T10:41:58","guid":{"rendered":"https:\/\/vierbein-ich.de\/?page_id=169"},"modified":"2025-08-31T10:55:53","modified_gmt":"2025-08-31T10:55:53","slug":"einfuehrung-ins-clickertraining","status":"publish","type":"page","link":"https:\/\/vierbein-ich.de\/index.php\/einfuehrung-ins-clickertraining\/","title":{"rendered":"Einf\u00fchrung ins Clickertraining"},"content":{"rendered":"\n<p>Der Clicker ist f\u00fcr den Hund ein positiver sekund\u00e4rer Verst\u00e4rker, mit dessen Hilfe wir dem Hund sekundengenau mitteilen k\u00f6nnen, dass sein Verhalten richtig ist. Bei systematischer Verwendung des Clickers k\u00f6nnen wir nicht nur das Verhalten unseres Hundes so in gew\u00fcnschte Bahnen lenken, sondern auch das Selbstbewusstsein und die Kreativit\u00e4t des Vierbeiners f\u00f6rdern.<\/p>\n\n\n\n<p>Einzelstunde Clickertraining: 60\u20ac (60 Min.)<br>zzgl. <a href=\"\/#panel4\" data-type=\"URL\" data-id=\"\/#panel4\">Fahrtkosten<\/a><\/p>\n","protected":false},"excerpt":{"rendered":"<p>Der Clicker ist f\u00fcr den Hund ein positiver sekund\u00e4rer Verst\u00e4rker, mit dessen Hilfe wir dem Hund sekundengenau mitteilen k\u00f6nnen, dass sein Verhalten richtig ist. Bei systematischer Verwendung des Clickers k\u00f6nnen wir nicht nur das Verhalten unseres Hundes so in gew\u00fcnschte Bahnen lenken, sondern auch das Selbstbewusstsein und die Kreativit\u00e4t des Vierbeiners f\u00f6rdern. Einzelstunde Clickertraining: 60\u20ac &hellip; <\/p>\n<p class=\"link-more\"><a href=\"https:\/\/vierbein-ich.de\/index.php\/einfuehrung-ins-clickertraining\/\" class=\"more-link\"><span class=\"screen-reader-text\">\u201eEinf\u00fchrung ins Clickertraining\u201c<\/span> weiterlesen<\/a><\/p>\n","protected":false},"author":1,"featured_media":105,"parent":0,"menu_order":0,"comment_status":"closed","ping_status":"closed","template":"","meta":{"footnotes":""},"class_list":["post-169","page","type-page","status-publish","has-post-thumbnail","hentry"],"yoast_head":"<!-- This site is optimized with the Yoast SEO plugin v21.2 - https:\/\/yoast.com\/wordpress\/plugins\/seo\/ -->\n<title>Einf\u00fchrung ins Clickertraining - Vierbein&amp;Ich<\/title>\n<meta name=\"robots\" content=\"index, follow, max-snippet:-1, max-image-preview:large, max-video-preview:-1\" \/>\n<link rel=\"canonical\" href=\"https:\/\/vierbein-ich.de\/index.php\/einfuehrung-ins-clickertraining\/\" \/>\n<meta property=\"og:locale\" content=\"de_DE\" \/>\n<meta property=\"og:type\" content=\"article\" \/>\n<meta property=\"og:title\" content=\"Einf\u00fchrung ins Clickertraining - Vierbein&amp;Ich\" \/>\n<meta property=\"og:description\" content=\"Der Clicker ist f\u00fcr den Hund ein positiver sekund\u00e4rer Verst\u00e4rker, mit dessen Hilfe wir dem Hund sekundengenau mitteilen k\u00f6nnen, dass sein Verhalten richtig ist. Bei systematischer Verwendung des Clickers k\u00f6nnen wir nicht nur das Verhalten unseres Hundes so in gew\u00fcnschte Bahnen lenken, sondern auch das Selbstbewusstsein und die Kreativit\u00e4t des Vierbeiners f\u00f6rdern. Einzelstunde Clickertraining: 60\u20ac &hellip; \u201eEinf\u00fchrung ins Clickertraining\u201c weiterlesen\" \/>\n<meta property=\"og:url\" content=\"https:\/\/vierbein-ich.de\/index.php\/einfuehrung-ins-clickertraining\/\" \/>\n<meta property=\"og:site_name\" content=\"Vierbein&amp;Ich\" \/>\n<meta property=\"article:modified_time\" content=\"2025-08-31T10:55:53+00:00\" \/>\n<meta property=\"og:image\" content=\"https:\/\/vierbein-ich.de\/wp-content\/uploads\/2021\/06\/Clickertraining-final.jpg\" \/>\n\t<meta property=\"og:image:width\" content=\"2000\" \/>\n\t<meta property=\"og:image:height\" content=\"1500\" \/>\n\t<meta property=\"og:image:type\" content=\"image\/jpeg\" \/>\n<meta name=\"twitter:card\" content=\"summary_large_image\" \/>\n<meta name=\"twitter:label1\" content=\"Gesch\u00e4tzte Lesezeit\" \/>\n\t<meta name=\"twitter:data1\" content=\"1\u00a0Minute\" \/>\n<script type=\"application\/ld+json\" class=\"yoast-schema-graph\">{\"@context\":\"https:\/\/schema.org\",\"@graph\":[{\"@type\":\"WebPage\",\"@id\":\"https:\/\/vierbein-ich.de\/index.php\/einfuehrung-ins-clickertraining\/\",\"url\":\"https:\/\/vierbein-ich.de\/index.php\/einfuehrung-ins-clickertraining\/\",\"name\":\"Einf\u00fchrung ins Clickertraining - Vierbein&amp;Ich\",\"isPartOf\":{\"@id\":\"https:\/\/vierbein-ich.de\/#website\"},\"datePublished\":\"2021-06-12T10:41:58+00:00\",\"dateModified\":\"2025-08-31T10:55:53+00:00\",\"breadcrumb\":{\"@id\":\"https:\/\/vierbein-ich.de\/index.php\/einfuehrung-ins-clickertraining\/#breadcrumb\"},\"inLanguage\":\"de\",\"potentialAction\":[{\"@type\":\"ReadAction\",\"target\":[\"https:\/\/vierbein-ich.de\/index.php\/einfuehrung-ins-clickertraining\/\"]}]},{\"@type\":\"BreadcrumbList\",\"@id\":\"https:\/\/vierbein-ich.de\/index.php\/einfuehrung-ins-clickertraining\/#breadcrumb\",\"itemListElement\":[{\"@type\":\"ListItem\",\"position\":1,\"name\":\"Startseite\",\"item\":\"https:\/\/vierbein-ich.de\/\"},{\"@type\":\"ListItem\",\"position\":2,\"name\":\"Einf\u00fchrung ins Clickertraining\"}]},{\"@type\":\"WebSite\",\"@id\":\"https:\/\/vierbein-ich.de\/#website\",\"url\":\"https:\/\/vierbein-ich.de\/\",\"name\":\"Vierbein&amp;Ich\",\"description\":\"Die Hundeschule f\u00fcr den D\u00fcsseldorfer S\u00fcden und Umgebung\",\"publisher\":{\"@id\":\"https:\/\/vierbein-ich.de\/#organization\"},\"potentialAction\":[{\"@type\":\"SearchAction\",\"target\":{\"@type\":\"EntryPoint\",\"urlTemplate\":\"https:\/\/vierbein-ich.de\/?s={search_term_string}\"},\"query-input\":\"required name=search_term_string\"}],\"inLanguage\":\"de\"},{\"@type\":\"Organization\",\"@id\":\"https:\/\/vierbein-ich.de\/#organization\",\"name\":\"Vierbein&amp;Ich\",\"url\":\"https:\/\/vierbein-ich.de\/\",\"logo\":{\"@type\":\"ImageObject\",\"inLanguage\":\"de\",\"@id\":\"https:\/\/vierbein-ich.de\/#\/schema\/logo\/image\/\",\"url\":\"https:\/\/vierbein-ich.de\/wp-content\/uploads\/2021\/06\/cropped-AK-Logo-neu-1.png\",\"contentUrl\":\"https:\/\/vierbein-ich.de\/wp-content\/uploads\/2021\/06\/cropped-AK-Logo-neu-1.png\",\"width\":352,\"height\":250,\"caption\":\"Vierbein&amp;Ich\"},\"image\":{\"@id\":\"https:\/\/vierbein-ich.de\/#\/schema\/logo\/image\/\"}}]}<\/script>\n<!-- \/ Yoast SEO plugin. -->","yoast_head_json":{"title":"Einf\u00fchrung ins Clickertraining - Vierbein&amp;Ich","robots":{"index":"index","follow":"follow","max-snippet":"max-snippet:-1","max-image-preview":"max-image-preview:large","max-video-preview":"max-video-preview:-1"},"canonical":"https:\/\/vierbein-ich.de\/index.php\/einfuehrung-ins-clickertraining\/","og_locale":"de_DE","og_type":"article","og_title":"Einf\u00fchrung ins Clickertraining - Vierbein&amp;Ich","og_description":"Der Clicker ist f\u00fcr den Hund ein positiver sekund\u00e4rer Verst\u00e4rker, mit dessen Hilfe wir dem Hund sekundengenau mitteilen k\u00f6nnen, dass sein Verhalten richtig ist. Bei systematischer Verwendung des Clickers k\u00f6nnen wir nicht nur das Verhalten unseres Hundes so in gew\u00fcnschte Bahnen lenken, sondern auch das Selbstbewusstsein und die Kreativit\u00e4t des Vierbeiners f\u00f6rdern. Einzelstunde Clickertraining: 60\u20ac &hellip; \u201eEinf\u00fchrung ins Clickertraining\u201c weiterlesen","og_url":"https:\/\/vierbein-ich.de\/index.php\/einfuehrung-ins-clickertraining\/","og_site_name":"Vierbein&amp;Ich","article_modified_time":"2025-08-31T10:55:53+00:00","og_image":[{"width":2000,"height":1500,"url":"https:\/\/vierbein-ich.de\/wp-content\/uploads\/2021\/06\/Clickertraining-final.jpg","type":"image\/jpeg"}],"twitter_card":"summary_large_image","twitter_misc":{"Gesch\u00e4tzte Lesezeit":"1\u00a0Minute"},"schema":{"@context":"https:\/\/schema.org","@graph":[{"@type":"WebPage","@id":"https:\/\/vierbein-ich.de\/index.php\/einfuehrung-ins-clickertraining\/","url":"https:\/\/vierbein-ich.de\/index.php\/einfuehrung-ins-clickertraining\/","name":"Einf\u00fchrung ins Clickertraining - Vierbein&amp;Ich","isPartOf":{"@id":"https:\/\/vierbein-ich.de\/#website"},"datePublished":"2021-06-12T10:41:58+00:00","dateModified":"2025-08-31T10:55:53+00:00","breadcrumb":{"@id":"https:\/\/vierbein-ich.de\/index.php\/einfuehrung-ins-clickertraining\/#breadcrumb"},"inLanguage":"de","potentialAction":[{"@type":"ReadAction","target":["https:\/\/vierbein-ich.de\/index.php\/einfuehrung-ins-clickertraining\/"]}]},{"@type":"BreadcrumbList","@id":"https:\/\/vierbein-ich.de\/index.php\/einfuehrung-ins-clickertraining\/#breadcrumb","itemListElement":[{"@type":"ListItem","position":1,"name":"Startseite","item":"https:\/\/vierbein-ich.de\/"},{"@type":"ListItem","position":2,"name":"Einf\u00fchrung ins Clickertraining"}]},{"@type":"WebSite","@id":"https:\/\/vierbein-ich.de\/#website","url":"https:\/\/vierbein-ich.de\/","name":"Vierbein&amp;Ich","description":"Die Hundeschule f\u00fcr den D\u00fcsseldorfer S\u00fcden und Umgebung","publisher":{"@id":"https:\/\/vierbein-ich.de\/#organization"},"potentialAction":[{"@type":"SearchAction","target":{"@type":"EntryPoint","urlTemplate":"https:\/\/vierbein-ich.de\/?s={search_term_string}"},"query-input":"required name=search_term_string"}],"inLanguage":"de"},{"@type":"Organization","@id":"https:\/\/vierbein-ich.de\/#organization","name":"Vierbein&amp;Ich","url":"https:\/\/vierbein-ich.de\/","logo":{"@type":"ImageObject","inLanguage":"de","@id":"https:\/\/vierbein-ich.de\/#\/schema\/logo\/image\/","url":"https:\/\/vierbein-ich.de\/wp-content\/uploads\/2021\/06\/cropped-AK-Logo-neu-1.png","contentUrl":"https:\/\/vierbein-ich.de\/wp-content\/uploads\/2021\/06\/cropped-AK-Logo-neu-1.png","width":352,"height":250,"caption":"Vierbein&amp;Ich"},"image":{"@id":"https:\/\/vierbein-ich.de\/#\/schema\/logo\/image\/"}}]}},"_links":{"self":[{"href":"https:\/\/vierbein-ich.de\/index.php\/wp-json\/wp\/v2\/pages\/169","targetHints":{"allow":["GET"]}}],"collection":[{"href":"https:\/\/vierbein-ich.de\/index.php\/wp-json\/wp\/v2\/pages"}],"about":[{"href":"https:\/\/vierbein-ich.de\/index.php\/wp-json\/wp\/v2\/types\/page"}],"author":[{"embeddable":true,"href":"https:\/\/vierbein-ich.de\/index.php\/wp-json\/wp\/v2\/users\/1"}],"replies":[{"embeddable":true,"href":"https:\/\/vierbein-ich.de\/index.php\/wp-json\/wp\/v2\/comments?post=169"}],"version-history":[{"count":4,"href":"https:\/\/vierbein-ich.de\/index.php\/wp-json\/wp\/v2\/pages\/169\/revisions"}],"predecessor-version":[{"id":350,"href":"https:\/\/vierbein-ich.de\/index.php\/wp-json\/wp\/v2\/pages\/169\/revisions\/350"}],"wp:featuredmedia":[{"embeddable":true,"href":"https:\/\/vierbein-ich.de\/index.php\/wp-json\/wp\/v2\/media\/105"}],"wp:attachment":[{"href":"https:\/\/vierbein-ich.de\/index.php\/wp-json\/wp\/v2\/media?parent=169"}],"curies":[{"name":"wp","href":"https:\/\/api.w.org\/{rel}","templated":true}]}}